{"id":6461,"date":"2020-03-17T09:31:30","date_gmt":"2020-03-17T09:31:30","guid":{"rendered":"https:\/\/staging.wildtimessafaris.com\/product\/rondreis-india-14-dagen-rajasthan-agra-varanasi\/"},"modified":"2020-04-23T15:29:53","modified_gmt":"2020-04-23T15:29:53","slug":"rondreis-india-14-dagen-rajasthan-agra-varanasi","status":"publish","type":"product","link":"https:\/\/wildtimessafaris.com\/en\/product\/rondreis-india-14-dagen-rajasthan-agra-varanasi\/","title":{"rendered":"Rondreis India \u2013 14 dagen \u2013 Rajasthan, Agra &#038; Varanasi"},"content":{"rendered":"<h3>Hoogtepunten van deze safari:<\/h3>\n<ul>\n<li>Haveli\u2019s en paleizen in Mandawa, Bikaner en Jodhpur<\/li>\n<li>Jaisalmer; imposant stadsfort, per kameel door de woestijn<\/li>\n<li>Jain Tempel van Ranakpur, City Palace in Udaipur<\/li>\n<li>Agra; de romantische Taj Mahal<\/li>\n<li>de heilige Rivier Ganges in Varanasi<\/li>\n<\/ul>\n<h3>Kort overzicht:<\/h3>\n<p>Dag 1. aankomst Delhi<br \/>\nDag 2. Delhi<br \/>\nDag 3. Mandawa<br \/>\nDag 4. Bikaner<br \/>\nDag 5 &amp; 6. Jaisalmer<br \/>\nDag 7. Jodhpur<br \/>\nDag 8. &amp; 9. Udaipur<br \/>\nDag 10 &amp; 11. Jaipur<br \/>\nDag 12. Agra<br \/>\nDag 13. Varanasi<br \/>\nDag 14. vertrek<\/p>\n<h3>Programma &amp; Route:<\/h3>\n<div class=\"highlight-item safari-item\">\n<h4>Dag 1 &#8211; aankomst Delhi<\/h4>\n<p>Aankomst op New Delhi\u2019s international airport. Een Wild Times vertegenwoordiger zal buiten de aankomsthal klaarstaan voor vervoer naar het hotel.<\/p>\n<p>Delhi is de hoofdstad van India en haar oorsprong ligt wel 2000 jaar terug. Moderne winkelcentra staan fier naast oude markten met druk bellende fietsriskja\u2019s. Deze middag kunt u de uitersten van deze stad rustig verkennen.<\/p>\n<\/div>\n<div class=\"highlight-item safari-item\">\n<h4><img decoding=\"async\" class=\"alignleft size-medium wp-image-3870\" src=\"https:\/\/wildtimessafaris.com\/wp-content\/uploads\/2020\/03\/India-Jama-Mashid-200x155.jpg\" alt=\"\" width=\"200\" height=\"155\" srcset=\"https:\/\/wildtimessafaris.com\/wp-content\/uploads\/2020\/03\/India-Jama-Mashid-200x155.jpg 200w, https:\/\/wildtimessafaris.com\/wp-content\/uploads\/2020\/03\/India-Jama-Mashid-220x170.jpg 220w, https:\/\/wildtimessafaris.com\/wp-content\/uploads\/2020\/03\/India-Jama-Mashid.jpg 308w\" sizes=\"(max-width: 200px) 100vw, 200px\" \/>Dag 2 &#8211; Delhi<\/h4>\n<p>Een volle dag op pad \u00a0om de bezienswaardigheden van deze indrukwekkende\u00a0stad te bekijken. Als start bezoekt u het Memorial van Mahatma Gandhi; Raj Ghat. Daar tegenover ligt \u00e9\u00e9n van de grootste moskee\u00ebn van Azi\u00eb, de Jama Mashid. Een korte wandeling door de kleine straatjes nabij het gebedshuis levert kleurrijke plaatjes op van vriendelijke ambachtslieden en hun verkoopwaar.<\/p>\n<p>&nbsp;<\/p>\n<\/div>\n<p>&nbsp;<\/p>\n<div class=\"highlight-item safari-item\">\n<h4><img decoding=\"async\" class=\"alignleft size-medium wp-image-3880\" src=\"https:\/\/wildtimessafaris.com\/wp-content\/uploads\/2020\/03\/India-Mandawa-200x128.jpg\" alt=\"\" width=\"200\" height=\"128\" srcset=\"https:\/\/wildtimessafaris.com\/wp-content\/uploads\/2020\/03\/India-Mandawa-200x128.jpg 200w, https:\/\/wildtimessafaris.com\/wp-content\/uploads\/2020\/03\/India-Mandawa-220x141.jpg 220w, https:\/\/wildtimessafaris.com\/wp-content\/uploads\/2020\/03\/India-Mandawa.jpg 306w\" sizes=\"(max-width: 200px) 100vw, 200px\" \/>Dag 3 &#8211; Mandawa<\/h4>\n<p>Na het ontbijt rijdt u met prive chauffeur naar het pitoreske Mandawa. Het dorp bezit een paar prachtige haveli\u2019s. Deze oude koopmanshuizen zijn opgetrokken uit een bijzonder steen wat goed te bewerken is en tegelijkertijd erg sterk. Het hotel is een voormalig paleisje en elke kamer heeft unieke decoraties.<\/p>\n<p>&nbsp;<\/p>\n<p>&nbsp;<\/p>\n<\/div>\n<div class=\"highlight-item safari-item\">\n<h4><img decoding=\"async\" class=\"alignleft size-medium wp-image-3879\" src=\"https:\/\/wildtimessafaris.com\/wp-content\/uploads\/2020\/03\/India-Deshnok-200x150.jpg\" alt=\"\" width=\"200\" height=\"150\" srcset=\"https:\/\/wildtimessafaris.com\/wp-content\/uploads\/2020\/03\/India-Deshnok-200x150.jpg 200w, https:\/\/wildtimessafaris.com\/wp-content\/uploads\/2020\/03\/India-Deshnok-220x164.jpg 220w, https:\/\/wildtimessafaris.com\/wp-content\/uploads\/2020\/03\/India-Deshnok.jpg 523w\" sizes=\"(max-width: 200px) 100vw, 200px\" \/>Dag 4 &#8211; Bikaner<\/h4>\n<p>In ongeveer 5 uur rijdt u van Mandawa naar Bikaner, een stad met hoge stadsmuren. Binnenin bevindt zich het markante Junagarh Fort waarin wel 37 paleizen te vinden zijn. De mooiste zijn de Chandra Mahal, Phool Mahal en de Karan Mahal.\u00a0Het rode zandsteen en het marmer met veel spiegels en prachtige decoratieve muurtekeningen maken deze bouwwerken zeer bijzonder. Op korte afstand ligt de Karni Mata Rattentempel, en ook hier geldt: blote voeten!<\/p>\n<p>&nbsp;<\/p>\n<\/div>\n<div class=\"highlight-item safari-item\">\n<h4><img loading=\"lazy\" decoding=\"async\" class=\"alignleft size-medium wp-image-3878\" src=\"https:\/\/wildtimessafaris.com\/wp-content\/uploads\/2020\/03\/India-Gate-200x194.gif\" alt=\"\" width=\"200\" height=\"194\" srcset=\"https:\/\/wildtimessafaris.com\/wp-content\/uploads\/2020\/03\/India-Gate-200x194.gif 200w, https:\/\/wildtimessafaris.com\/wp-content\/uploads\/2020\/03\/India-Gate-36x36.gif 36w, https:\/\/wildtimessafaris.com\/wp-content\/uploads\/2020\/03\/India-Gate-220x213.gif 220w\" sizes=\"(max-width: 200px) 100vw, 200px\" \/>Dag 5 &#8211; Jaisalmer<\/h4>\n<p>Al van ver zie je bij aankomst in Jaisalmer het imense en sprookjesachtige fort hoog boven de stad uitsteken. Midden in de Thar Woestijn is deze stad zo\u2019n 800 jaar geleden gesticht. Perfect gelegen op de belangrijkste handelsroutes bezit ook deze stad prachtige haveli\u2019s.\u00a0Een wandeling door de smalle straatjes is een aanrader. Stap af en toe eens binnen bij een kleine tempel, drink een lassi op een dakterras en ga in gesprek met de kinderen die maar al te graag een woordje Engels oefenen.<\/p>\n<\/div>\n<p>&nbsp;<\/p>\n<p>&nbsp;<\/p>\n<div class=\"highlight-item safari-item\">\n<h4>Dag 6 &#8211; Jaisalmer<\/h4>\n<p>De ligging van Jaisalmer te midden van de hoge zandduinen nodigt uit voor een rit per kameel en een prachtige zonsondergang in de woestijn. In de namiddag rijdt u naar de Sam Dunes voor een kamelentocht onder begeleiding van een gids en kamelendrijver.<\/p>\n<\/div>\n<div class=\"highlight-item safari-item\">\n<h4><img loading=\"lazy\" decoding=\"async\" class=\"alignleft size-medium wp-image-3877\" src=\"https:\/\/wildtimessafaris.com\/wp-content\/uploads\/2020\/03\/jodhpur-200x153.png\" alt=\"\" width=\"200\" height=\"153\" srcset=\"https:\/\/wildtimessafaris.com\/wp-content\/uploads\/2020\/03\/jodhpur-200x153.png 200w, https:\/\/wildtimessafaris.com\/wp-content\/uploads\/2020\/03\/jodhpur-220x168.png 220w, https:\/\/wildtimessafaris.com\/wp-content\/uploads\/2020\/03\/jodhpur.png 638w\" sizes=\"(max-width: 200px) 100vw, 200px\" \/>Dag 7 &#8211; Jodhpur<\/h4>\n<p>Na het ontbijt vertrekt u naar Jodhpur, de blauwe stad. Opnieuw een plaats waar het lijkt alsof\u00a0het sprookje van duizend-en-\u00e9\u00e9n-nacht\u00a0zich\u00a0afspeelt. Het Mehrangarh Fort ligt op een 125 meter hoge berg\u00a0en vanaf deze plek heb je een schitterend uitzicht.<\/p>\n<\/div>\n<p>&nbsp;<\/p>\n<p>&nbsp;<\/p>\n<p>&nbsp;<\/p>\n<div class=\"highlight-item safari-item\">\n<h4><img loading=\"lazy\" decoding=\"async\" class=\"alignleft size-medium wp-image-3876\" src=\"https:\/\/wildtimessafaris.com\/wp-content\/uploads\/2020\/03\/Ranakpur_jain_temple_wall_Frescoes4-200x150.jpg\" alt=\"\" width=\"200\" height=\"150\" srcset=\"https:\/\/wildtimessafaris.com\/wp-content\/uploads\/2020\/03\/Ranakpur_jain_temple_wall_Frescoes4-200x150.jpg 200w, https:\/\/wildtimessafaris.com\/wp-content\/uploads\/2020\/03\/Ranakpur_jain_temple_wall_Frescoes4-220x165.jpg 220w, https:\/\/wildtimessafaris.com\/wp-content\/uploads\/2020\/03\/Ranakpur_jain_temple_wall_Frescoes4.jpg 400w\" sizes=\"(max-width: 200px) 100vw, 200px\" \/>Dag 8 &#8211; Udaipur<\/h4>\n<p>Onderweg naar het romantische Udaipur bezoekt u het bijzondere complex van de Jain tempel van Ranakpur. Gebouwd in de 15de eeuw is het een unieke tempel met wel 1500 pilaren die geen van alle hetzelfde zijn.<\/p>\n<\/div>\n<p>&nbsp;<\/p>\n<p>&nbsp;<\/p>\n<p>&nbsp;<\/p>\n<div class=\"highlight-item safari-item\">\n<h4><img loading=\"lazy\" decoding=\"async\" class=\"alignleft size-medium wp-image-3875\" src=\"https:\/\/wildtimessafaris.com\/wp-content\/uploads\/2020\/03\/India-Udaipur-City-Palace-200x125.jpg\" alt=\"\" width=\"200\" height=\"125\" srcset=\"https:\/\/wildtimessafaris.com\/wp-content\/uploads\/2020\/03\/India-Udaipur-City-Palace-200x125.jpg 200w, https:\/\/wildtimessafaris.com\/wp-content\/uploads\/2020\/03\/India-Udaipur-City-Palace-220x137.jpg 220w, https:\/\/wildtimessafaris.com\/wp-content\/uploads\/2020\/03\/India-Udaipur-City-Palace.jpg 705w\" sizes=\"(max-width: 200px) 100vw, 200px\" \/>Dag 9 &#8211; Udaipur<\/h4>\n<p>Het meer van Udaipur heeft ooit een grote rol gehad in een echte James Bond achtervolging in\u00a0de film \u00a0Octopussy uit 1983. Het statige City Palace ligt aan het meer Pichola wat kunstmatig is aangelegd. Afhankelijk van het waterniveau maakt u in de middag een boottocht over het meer.<\/p>\n<p>&nbsp;<\/p>\n<p>&nbsp;<\/p>\n<\/div>\n<div class=\"highlight-item safari-item\">\n<h4><img loading=\"lazy\" decoding=\"async\" class=\"alignleft size-medium wp-image-3874\" src=\"https:\/\/wildtimessafaris.com\/wp-content\/uploads\/2020\/03\/India-henna-200x138.jpg\" alt=\"\" width=\"200\" height=\"138\" srcset=\"https:\/\/wildtimessafaris.com\/wp-content\/uploads\/2020\/03\/India-henna-200x138.jpg 200w, https:\/\/wildtimessafaris.com\/wp-content\/uploads\/2020\/03\/India-henna-220x152.jpg 220w, https:\/\/wildtimessafaris.com\/wp-content\/uploads\/2020\/03\/India-henna.jpg 440w\" sizes=\"(max-width: 200px) 100vw, 200px\" \/>Dag 10 &#8211; Jaipur<\/h4>\n<p>Jaipur heeft niet voor niets de bijnaam Pink City, oftewel Roze Stad. Er zijn mooie paleizen te bezoeken en interessante bezienswaardigheden zoals de Hawa Mahal en het Jantar Mantar, het observatorium. \u00a0Maar de stad bezit ook \u00e9\u00e9n van de grootste en mooiste bioscopen van het land; de Raj Mandir. Er is drukte in de straten met bussen, auto\u2019s, fietsriksja\u2019s \u00e9n koeien.<\/p>\n<p>&nbsp;<\/p>\n<\/div>\n<div class=\"highlight-item safari-item\">\n<h4><img loading=\"lazy\" decoding=\"async\" class=\"alignleft size-medium wp-image-3873\" src=\"https:\/\/wildtimessafaris.com\/wp-content\/uploads\/2020\/03\/India-Jaipur-Amber-Fort-200x154.jpg\" alt=\"\" width=\"200\" height=\"154\" srcset=\"https:\/\/wildtimessafaris.com\/wp-content\/uploads\/2020\/03\/India-Jaipur-Amber-Fort-200x154.jpg 200w, https:\/\/wildtimessafaris.com\/wp-content\/uploads\/2020\/03\/India-Jaipur-Amber-Fort.jpg 563w, https:\/\/wildtimessafaris.com\/wp-content\/uploads\/2020\/03\/India-Jaipur-Amber-Fort-220x169.jpg 220w\" sizes=\"(max-width: 200px) 100vw, 200px\" \/>Dag 11 &#8211; Jaipur<\/h4>\n<p>Even buiten de stad ligt het Amber Fort. Maharaja Mansingh, Akbar\u2019s hoogste generaal is begonnen met de bouw vanaf de 17de eeuw. Voordat het City Palace in Jaipur in gebruik werd genomen was Amber de bestuurlijke hoofdstad.<\/p>\n<\/div>\n<p>&nbsp;<\/p>\n<p>&nbsp;<\/p>\n<p>&nbsp;<\/p>\n<div class=\"highlight-item safari-item\">\n<h4><img loading=\"lazy\" decoding=\"async\" class=\"alignleft size-medium wp-image-3872\" src=\"https:\/\/wildtimessafaris.com\/wp-content\/uploads\/2020\/03\/India-Taj-Mahal-200x118.jpg\" alt=\"\" width=\"200\" height=\"118\" srcset=\"https:\/\/wildtimessafaris.com\/wp-content\/uploads\/2020\/03\/India-Taj-Mahal-200x118.jpg 200w, https:\/\/wildtimessafaris.com\/wp-content\/uploads\/2020\/03\/India-Taj-Mahal-220x129.jpg 220w, https:\/\/wildtimessafaris.com\/wp-content\/uploads\/2020\/03\/India-Taj-Mahal.jpg 651w\" sizes=\"(max-width: 200px) 100vw, 200px\" \/>Dag 12 &#8211; Agra<\/h4>\n<p>Als \u00e9\u00e9n van de nieuwe Wereld Wonderen blijft de Taj Mahal in Agra uniek. Vooral bij zonsopgang en zonsondergang is het wit marmeren mausoleum sprookjesachtig. Het secure inlegwerk van kleurrijke half edelstenen is zeer bijzonder en vind je nergens anders terug.<\/p>\n<\/div>\n<p>&nbsp;<\/p>\n<p>&nbsp;<\/p>\n<div class=\"highlight-item safari-item\">\n<h4><img loading=\"lazy\" decoding=\"async\" class=\"alignleft size-medium wp-image-3871\" src=\"https:\/\/wildtimessafaris.com\/wp-content\/uploads\/2020\/03\/India-Varanasi-200x150.jpg\" alt=\"\" width=\"200\" height=\"150\" srcset=\"https:\/\/wildtimessafaris.com\/wp-content\/uploads\/2020\/03\/India-Varanasi-200x150.jpg 200w, https:\/\/wildtimessafaris.com\/wp-content\/uploads\/2020\/03\/India-Varanasi-220x165.jpg 220w, https:\/\/wildtimessafaris.com\/wp-content\/uploads\/2020\/03\/India-Varanasi.jpg 627w\" sizes=\"(max-width: 200px) 100vw, 200px\" \/>Dag 13 &#8211; Varanasi<\/h4>\n<p>De Ganges ligt met zijn oorsprong hoog in de Himalaya en is de belangrijkste rivier van India. Langs de oevers beginnen veel bewoners de dag met een bad en gebed. Een boottocht vroeg in de ochtend is d\u00e9 manier om deze traditionele rituelen mee te maken.<\/p>\n<\/div>\n<p>&nbsp;<\/p>\n<p>&nbsp;<\/p>\n<p>&nbsp;<\/p>\n<div class=\"highlight-item safari-item\">\n<h4><img loading=\"lazy\" decoding=\"async\" class=\"alignleft size-medium wp-image-3847\" src=\"https:\/\/wildtimessafaris.com\/wp-content\/uploads\/2020\/03\/vliegtuig-200x112.jpg\" alt=\"\" width=\"200\" height=\"112\" srcset=\"https:\/\/wildtimessafaris.com\/wp-content\/uploads\/2020\/03\/vliegtuig-200x112.jpg 200w, https:\/\/wildtimessafaris.com\/wp-content\/uploads\/2020\/03\/vliegtuig-768x432.jpg 768w, https:\/\/wildtimessafaris.com\/wp-content\/uploads\/2020\/03\/vliegtuig-1030x579.jpg 1030w, https:\/\/wildtimessafaris.com\/wp-content\/uploads\/2020\/03\/vliegtuig-705x396.jpg 705w, https:\/\/wildtimessafaris.com\/wp-content\/uploads\/2020\/03\/vliegtuig-220x124.jpg 220w, https:\/\/wildtimessafaris.com\/wp-content\/uploads\/2020\/03\/vliegtuig.jpg 1366w\" sizes=\"(max-width: 200px) 100vw, 200px\" \/>Dag 14 &#8211; vertrek Delhi<\/h4>\n<p>Vandaag eindigt je reis en vlieg je terug naar huis. Je kunt natuurlijk ook nog een verlenging boeken als je wilt om andere delen van India te bezoeken. Vraag ons naar de mogelijkheden!<\/p>\n<\/div>\n<p>&nbsp;<\/p>\n<p>&nbsp;<\/p>\n<div  class='avia-button-wrap av-27qvqd-5b75dc979dc70d6da54f4e6a08899ae3-wrap avia-button-left  avia-builder-el-0  avia-builder-el-no-sibling '><a href='https:\/\/wildtimessafaris.com\/en\/reisvoorstel\/'  class='avia-button av-27qvqd-5b75dc979dc70d6da54f4e6a08899ae3 avia-icon_select-yes-left-icon avia-size-large avia-position-left avia-color-theme-color'  ><span class='avia_button_icon avia_button_icon_left' aria-hidden='true' data-av_icon='\ue889' data-av_iconfont='entypo-fontello'><\/span><span class='avia_iconbox_title' >REQUEST A TRAVEL PROPOSAL<\/span><\/a><\/div>\n","protected":false},"excerpt":{"rendered":"<p>In India schuilt achter elke hoek een verrassing. Bezoek paleizen, forten, tempels en markten. Ervaar de kleuren en geuren. Reis naar dynamische steden, door de imposante woestijn en bewonder het prachtige inlegwerk van de Taj Mahal. De met zorg gekozen kleine paleizen en bijzondere hotels maken deze reis helemaal af.<\/p>\n","protected":false},"featured_media":6088,"template":"","meta":[],"product_brand":[],"product_cat":[222],"product_tag":[],"class_list":{"0":"post-6461","1":"product","2":"type-product","3":"status-publish","4":"has-post-thumbnail","6":"product_cat-safaris-india-en","8":"first","9":"instock","10":"shipping-taxable","11":"purchasable","12":"product-type-simple"},"yoast_head":"<!-- This site is optimized with the Yoast SEO plugin v27.4 - https:\/\/yoast.com\/product\/yoast-seo-wordpress\/ -->\n<title>Rondreis India \u2013 14 dagen \u2013 Rajasthan, Agra &amp; Varanasi - Wild Times Safaris<\/title>\n<meta name=\"robots\" content=\"index, follow, max-snippet:-1, max-image-preview:large, max-video-preview:-1\" \/>\n<link rel=\"canonical\" href=\"https:\/\/wildtimessafaris.com\/en\/product\/rondreis-india-14-dagen-rajasthan-agra-varanasi\/\" \/>\n<meta property=\"og:locale\" content=\"en_US\" \/>\n<meta property=\"og:type\" content=\"article\" \/>\n<meta property=\"og:title\" content=\"Rondreis India \u2013 14 dagen \u2013 Rajasthan, Agra &amp; Varanasi - Wild Times Safaris\" \/>\n<meta property=\"og:description\" content=\"In India schuilt achter elke hoek een verrassing. Bezoek paleizen, forten, tempels en markten. Ervaar de kleuren en geuren. Reis naar dynamische steden, door de imposante woestijn en bewonder het prachtige inlegwerk van de Taj Mahal. De met zorg gekozen kleine paleizen en bijzondere hotels maken deze reis helemaal af.\" \/>\n<meta property=\"og:url\" content=\"https:\/\/wildtimessafaris.com\/en\/product\/rondreis-india-14-dagen-rajasthan-agra-varanasi\/\" \/>\n<meta property=\"og:site_name\" content=\"Wild Times Safaris\" \/>\n<meta property=\"article:modified_time\" content=\"2020-04-23T15:29:53+00:00\" \/>\n<meta property=\"og:image\" content=\"https:\/\/wildtimessafaris.com\/wp-content\/uploads\/2020\/03\/india.jpg\" \/>\n\t<meta property=\"og:image:width\" content=\"1920\" \/>\n\t<meta property=\"og:image:height\" content=\"895\" \/>\n\t<meta property=\"og:image:type\" content=\"image\/jpeg\" \/>\n<meta name=\"twitter:card\" content=\"summary_large_image\" \/>\n<meta name=\"twitter:label1\" content=\"Est. reading time\" \/>\n\t<meta name=\"twitter:data1\" content=\"5 minutes\" \/>\n<script type=\"application\/ld+json\" class=\"yoast-schema-graph\">{\"@context\":\"https:\\\/\\\/schema.org\",\"@graph\":[{\"@type\":\"WebPage\",\"@id\":\"https:\\\/\\\/wildtimessafaris.com\\\/en\\\/product\\\/rondreis-india-14-dagen-rajasthan-agra-varanasi\\\/\",\"url\":\"https:\\\/\\\/wildtimessafaris.com\\\/en\\\/product\\\/rondreis-india-14-dagen-rajasthan-agra-varanasi\\\/\",\"name\":\"Rondreis India \u2013 14 dagen \u2013 Rajasthan, Agra & Varanasi - Wild Times Safaris\",\"isPartOf\":{\"@id\":\"https:\\\/\\\/wildtimessafaris.com\\\/en\\\/#website\"},\"primaryImageOfPage\":{\"@id\":\"https:\\\/\\\/wildtimessafaris.com\\\/en\\\/product\\\/rondreis-india-14-dagen-rajasthan-agra-varanasi\\\/#primaryimage\"},\"image\":{\"@id\":\"https:\\\/\\\/wildtimessafaris.com\\\/en\\\/product\\\/rondreis-india-14-dagen-rajasthan-agra-varanasi\\\/#primaryimage\"},\"thumbnailUrl\":\"https:\\\/\\\/wildtimessafaris.com\\\/wp-content\\\/uploads\\\/2020\\\/03\\\/india.jpg\",\"datePublished\":\"2020-03-17T09:31:30+00:00\",\"dateModified\":\"2020-04-23T15:29:53+00:00\",\"breadcrumb\":{\"@id\":\"https:\\\/\\\/wildtimessafaris.com\\\/en\\\/product\\\/rondreis-india-14-dagen-rajasthan-agra-varanasi\\\/#breadcrumb\"},\"inLanguage\":\"en-US\",\"potentialAction\":[{\"@type\":\"ReadAction\",\"target\":[\"https:\\\/\\\/wildtimessafaris.com\\\/en\\\/product\\\/rondreis-india-14-dagen-rajasthan-agra-varanasi\\\/\"]}]},{\"@type\":\"ImageObject\",\"inLanguage\":\"en-US\",\"@id\":\"https:\\\/\\\/wildtimessafaris.com\\\/en\\\/product\\\/rondreis-india-14-dagen-rajasthan-agra-varanasi\\\/#primaryimage\",\"url\":\"https:\\\/\\\/wildtimessafaris.com\\\/wp-content\\\/uploads\\\/2020\\\/03\\\/india.jpg\",\"contentUrl\":\"https:\\\/\\\/wildtimessafaris.com\\\/wp-content\\\/uploads\\\/2020\\\/03\\\/india.jpg\",\"width\":1920,\"height\":895},{\"@type\":\"BreadcrumbList\",\"@id\":\"https:\\\/\\\/wildtimessafaris.com\\\/en\\\/product\\\/rondreis-india-14-dagen-rajasthan-agra-varanasi\\\/#breadcrumb\",\"itemListElement\":[{\"@type\":\"ListItem\",\"position\":1,\"name\":\"Home\",\"item\":\"https:\\\/\\\/wildtimessafaris.com\\\/en\\\/\"},{\"@type\":\"ListItem\",\"position\":2,\"name\":\"Winkel\",\"item\":\"https:\\\/\\\/wildtimessafaris.com\\\/winkel\\\/\"},{\"@type\":\"ListItem\",\"position\":3,\"name\":\"Rondreis India \u2013 14 dagen \u2013 Rajasthan, Agra &#038; Varanasi\"}]},{\"@type\":\"WebSite\",\"@id\":\"https:\\\/\\\/wildtimessafaris.com\\\/en\\\/#website\",\"url\":\"https:\\\/\\\/wildtimessafaris.com\\\/en\\\/\",\"name\":\"Wild Times Safaris\",\"description\":\"Uniek, persoonlijk &amp; op maat\",\"publisher\":{\"@id\":\"https:\\\/\\\/wildtimessafaris.com\\\/en\\\/#organization\"},\"potentialAction\":[{\"@type\":\"SearchAction\",\"target\":{\"@type\":\"EntryPoint\",\"urlTemplate\":\"https:\\\/\\\/wildtimessafaris.com\\\/en\\\/?s={search_term_string}\"},\"query-input\":{\"@type\":\"PropertyValueSpecification\",\"valueRequired\":true,\"valueName\":\"search_term_string\"}}],\"inLanguage\":\"en-US\"},{\"@type\":\"Organization\",\"@id\":\"https:\\\/\\\/wildtimessafaris.com\\\/en\\\/#organization\",\"name\":\"Wild Times Safaris\",\"url\":\"https:\\\/\\\/wildtimessafaris.com\\\/en\\\/\",\"logo\":{\"@type\":\"ImageObject\",\"inLanguage\":\"en-US\",\"@id\":\"https:\\\/\\\/wildtimessafaris.com\\\/en\\\/#\\\/schema\\\/logo\\\/image\\\/\",\"url\":\"https:\\\/\\\/wildtimessafaris.com\\\/wp-content\\\/uploads\\\/2025\\\/10\\\/wildtimes_logo_transparent.png\",\"contentUrl\":\"https:\\\/\\\/wildtimessafaris.com\\\/wp-content\\\/uploads\\\/2025\\\/10\\\/wildtimes_logo_transparent.png\",\"width\":533,\"height\":353,\"caption\":\"Wild Times Safaris\"},\"image\":{\"@id\":\"https:\\\/\\\/wildtimessafaris.com\\\/en\\\/#\\\/schema\\\/logo\\\/image\\\/\"}}]}<\/script>\n<!-- \/ Yoast SEO plugin. -->","yoast_head_json":{"title":"Rondreis India \u2013 14 dagen \u2013 Rajasthan, Agra & Varanasi - Wild Times Safaris","robots":{"index":"index","follow":"follow","max-snippet":"max-snippet:-1","max-image-preview":"max-image-preview:large","max-video-preview":"max-video-preview:-1"},"canonical":"https:\/\/wildtimessafaris.com\/en\/product\/rondreis-india-14-dagen-rajasthan-agra-varanasi\/","og_locale":"en_US","og_type":"article","og_title":"Rondreis India \u2013 14 dagen \u2013 Rajasthan, Agra & Varanasi - Wild Times Safaris","og_description":"In India schuilt achter elke hoek een verrassing. Bezoek paleizen, forten, tempels en markten. Ervaar de kleuren en geuren. Reis naar dynamische steden, door de imposante woestijn en bewonder het prachtige inlegwerk van de Taj Mahal. De met zorg gekozen kleine paleizen en bijzondere hotels maken deze reis helemaal af.","og_url":"https:\/\/wildtimessafaris.com\/en\/product\/rondreis-india-14-dagen-rajasthan-agra-varanasi\/","og_site_name":"Wild Times Safaris","article_modified_time":"2020-04-23T15:29:53+00:00","og_image":[{"width":1920,"height":895,"url":"https:\/\/wildtimessafaris.com\/wp-content\/uploads\/2020\/03\/india.jpg","type":"image\/jpeg"}],"twitter_card":"summary_large_image","twitter_misc":{"Est. reading time":"5 minutes"},"schema":{"@context":"https:\/\/schema.org","@graph":[{"@type":"WebPage","@id":"https:\/\/wildtimessafaris.com\/en\/product\/rondreis-india-14-dagen-rajasthan-agra-varanasi\/","url":"https:\/\/wildtimessafaris.com\/en\/product\/rondreis-india-14-dagen-rajasthan-agra-varanasi\/","name":"Rondreis India \u2013 14 dagen \u2013 Rajasthan, Agra & Varanasi - Wild Times Safaris","isPartOf":{"@id":"https:\/\/wildtimessafaris.com\/en\/#website"},"primaryImageOfPage":{"@id":"https:\/\/wildtimessafaris.com\/en\/product\/rondreis-india-14-dagen-rajasthan-agra-varanasi\/#primaryimage"},"image":{"@id":"https:\/\/wildtimessafaris.com\/en\/product\/rondreis-india-14-dagen-rajasthan-agra-varanasi\/#primaryimage"},"thumbnailUrl":"https:\/\/wildtimessafaris.com\/wp-content\/uploads\/2020\/03\/india.jpg","datePublished":"2020-03-17T09:31:30+00:00","dateModified":"2020-04-23T15:29:53+00:00","breadcrumb":{"@id":"https:\/\/wildtimessafaris.com\/en\/product\/rondreis-india-14-dagen-rajasthan-agra-varanasi\/#breadcrumb"},"inLanguage":"en-US","potentialAction":[{"@type":"ReadAction","target":["https:\/\/wildtimessafaris.com\/en\/product\/rondreis-india-14-dagen-rajasthan-agra-varanasi\/"]}]},{"@type":"ImageObject","inLanguage":"en-US","@id":"https:\/\/wildtimessafaris.com\/en\/product\/rondreis-india-14-dagen-rajasthan-agra-varanasi\/#primaryimage","url":"https:\/\/wildtimessafaris.com\/wp-content\/uploads\/2020\/03\/india.jpg","contentUrl":"https:\/\/wildtimessafaris.com\/wp-content\/uploads\/2020\/03\/india.jpg","width":1920,"height":895},{"@type":"BreadcrumbList","@id":"https:\/\/wildtimessafaris.com\/en\/product\/rondreis-india-14-dagen-rajasthan-agra-varanasi\/#breadcrumb","itemListElement":[{"@type":"ListItem","position":1,"name":"Home","item":"https:\/\/wildtimessafaris.com\/en\/"},{"@type":"ListItem","position":2,"name":"Winkel","item":"https:\/\/wildtimessafaris.com\/winkel\/"},{"@type":"ListItem","position":3,"name":"Rondreis India \u2013 14 dagen \u2013 Rajasthan, Agra &#038; Varanasi"}]},{"@type":"WebSite","@id":"https:\/\/wildtimessafaris.com\/en\/#website","url":"https:\/\/wildtimessafaris.com\/en\/","name":"Wild Times Safaris","description":"Uniek, persoonlijk &amp; op maat","publisher":{"@id":"https:\/\/wildtimessafaris.com\/en\/#organization"},"potentialAction":[{"@type":"SearchAction","target":{"@type":"EntryPoint","urlTemplate":"https:\/\/wildtimessafaris.com\/en\/?s={search_term_string}"},"query-input":{"@type":"PropertyValueSpecification","valueRequired":true,"valueName":"search_term_string"}}],"inLanguage":"en-US"},{"@type":"Organization","@id":"https:\/\/wildtimessafaris.com\/en\/#organization","name":"Wild Times Safaris","url":"https:\/\/wildtimessafaris.com\/en\/","logo":{"@type":"ImageObject","inLanguage":"en-US","@id":"https:\/\/wildtimessafaris.com\/en\/#\/schema\/logo\/image\/","url":"https:\/\/wildtimessafaris.com\/wp-content\/uploads\/2025\/10\/wildtimes_logo_transparent.png","contentUrl":"https:\/\/wildtimessafaris.com\/wp-content\/uploads\/2025\/10\/wildtimes_logo_transparent.png","width":533,"height":353,"caption":"Wild Times Safaris"},"image":{"@id":"https:\/\/wildtimessafaris.com\/en\/#\/schema\/logo\/image\/"}}]}},"_links":{"self":[{"href":"https:\/\/wildtimessafaris.com\/en\/wp-json\/wp\/v2\/product\/6461","targetHints":{"allow":["GET"]}}],"collection":[{"href":"https:\/\/wildtimessafaris.com\/en\/wp-json\/wp\/v2\/product"}],"about":[{"href":"https:\/\/wildtimessafaris.com\/en\/wp-json\/wp\/v2\/types\/product"}],"version-history":[{"count":0,"href":"https:\/\/wildtimessafaris.com\/en\/wp-json\/wp\/v2\/product\/6461\/revisions"}],"wp:featuredmedia":[{"embeddable":true,"href":"https:\/\/wildtimessafaris.com\/en\/wp-json\/wp\/v2\/media\/6088"}],"wp:attachment":[{"href":"https:\/\/wildtimessafaris.com\/en\/wp-json\/wp\/v2\/media?parent=6461"}],"wp:term":[{"taxonomy":"product_brand","embeddable":true,"href":"https:\/\/wildtimessafaris.com\/en\/wp-json\/wp\/v2\/product_brand?post=6461"},{"taxonomy":"product_cat","embeddable":true,"href":"https:\/\/wildtimessafaris.com\/en\/wp-json\/wp\/v2\/product_cat?post=6461"},{"taxonomy":"product_tag","embeddable":true,"href":"https:\/\/wildtimessafaris.com\/en\/wp-json\/wp\/v2\/product_tag?post=6461"}],"curies":[{"name":"wp","href":"https:\/\/api.w.org\/{rel}","templated":true}]}}