{"id":6671,"date":"2020-02-26T14:31:29","date_gmt":"2020-02-26T14:31:29","guid":{"rendered":"https:\/\/staging.wildtimessafaris.com\/product\/safari-madagaskar-14-dagen-hoogtepunten-van-het-oosten\/"},"modified":"2024-05-27T12:01:30","modified_gmt":"2024-05-27T12:01:30","slug":"safari-madagaskar-14-dagen-hoogtepunten-van-het-oosten","status":"publish","type":"product","link":"https:\/\/wildtimessafaris.com\/en\/product\/safari-madagaskar-14-dagen-hoogtepunten-van-het-oosten\/","title":{"rendered":"Safari Madagascar \u2013 14 days \u2013 Highlights of the East"},"content":{"rendered":"<h3>Short overview:<\/h3>\n<p>This safari shows you the following highlights:<\/p>\n<ul>\n<li>Antasibe NP, known for it&#8217;s very rare orchids and the Indri Indri (strepsirrhine primates)<\/li>\n<li>The Pangalanes chanel, a string of lakes and bays that run paralel lopen to the Indian Ocean<\/li>\n<li>The Palarmium reserve, home to\u00a0 a rich quantity of lemurs and several other endemic species<\/li>\n<li>Saint Marie island, famous for the stunning beaches and watching whales from June through to September<\/li>\n<li>Antevonario,\u00a0 the capital of Madagascar and her culture<\/li>\n<li>Ambohimanga, the royal palace<\/li>\n<\/ul>\n<h3>Program &amp; Itinerary:<\/h3>\n<div class=\"highlight-item safari-item\">\n<p><img decoding=\"async\" class=\"wp-image-2813 alignleft\" src=\"https:\/\/wildtimessafaris.com\/wp-content\/uploads\/2020\/02\/Antananarivo-rova-Madagascar-300x208.jpg\" alt=\"\" width=\"200\" height=\"139\" srcset=\"https:\/\/wildtimessafaris.com\/wp-content\/uploads\/2020\/02\/Antananarivo-rova-Madagascar-300x208.jpg 300w, https:\/\/wildtimessafaris.com\/wp-content\/uploads\/2020\/02\/Antananarivo-rova-Madagascar-768x533.jpg 768w, https:\/\/wildtimessafaris.com\/wp-content\/uploads\/2020\/02\/Antananarivo-rova-Madagascar-200x139.jpg 200w, https:\/\/wildtimessafaris.com\/wp-content\/uploads\/2020\/02\/Antananarivo-rova-Madagascar-705x490.jpg 705w, https:\/\/wildtimessafaris.com\/wp-content\/uploads\/2020\/02\/Antananarivo-rova-Madagascar-220x153.jpg 220w, https:\/\/wildtimessafaris.com\/wp-content\/uploads\/2020\/02\/Antananarivo-rova-Madagascar.jpg 1024w\" sizes=\"(max-width: 200px) 100vw, 200px\" \/><\/p>\n<h4>Day 1 Tana<\/h4>\n<p>After arrival at the airport, you will be welcomed by our representative on the island, followed by transfer to your hotel for the night.<\/p>\n<p>Depending on your time of arrival, you will have the (rest) of the day at your leisure and you could be doing a city tour with a driver\/guide. There are several good restaurants in the city and we will be happy to advise you where to eat!<\/p>\n<p>Overnight in a good hotel.<\/p>\n<\/div>\n<div class=\"highlight-item safari-item\">\n<p><img decoding=\"async\" class=\"wp-image-2814 alignleft\" src=\"https:\/\/wildtimessafaris.com\/wp-content\/uploads\/2020\/02\/Andasibe-300x225.jpg\" alt=\"\" width=\"200\" height=\"150\" srcset=\"https:\/\/wildtimessafaris.com\/wp-content\/uploads\/2020\/02\/Andasibe-300x225.jpg 300w, https:\/\/wildtimessafaris.com\/wp-content\/uploads\/2020\/02\/Andasibe-200x150.jpg 200w, https:\/\/wildtimessafaris.com\/wp-content\/uploads\/2020\/02\/Andasibe-220x165.jpg 220w, https:\/\/wildtimessafaris.com\/wp-content\/uploads\/2020\/02\/Andasibe.jpg 640w\" sizes=\"(max-width: 200px) 100vw, 200px\" \/><\/p>\n<h4>Day 2 Tana to Antasibe<\/h4>\n<p>After breakfast, drive through to Antasibe with your driver\/guide, with a stop in Marozevo for a short visit to the private\u00a0 \u201cPeyreiras\u201d reserve. Afther this visit, continue to Antasibe. Check in at your hotel on arrival.<\/p>\n<\/div>\n<p>&nbsp;<\/p>\n<p>&nbsp;<\/p>\n<div class=\"highlight-item safari-item\">\n<p><img decoding=\"async\" class=\"wp-image-2815 alignleft\" src=\"https:\/\/wildtimessafaris.com\/wp-content\/uploads\/2020\/02\/andasibe-mantadia-300x206.jpg\" alt=\"\" width=\"200\" height=\"137\" srcset=\"https:\/\/wildtimessafaris.com\/wp-content\/uploads\/2020\/02\/andasibe-mantadia-300x206.jpg 300w, https:\/\/wildtimessafaris.com\/wp-content\/uploads\/2020\/02\/andasibe-mantadia-200x137.jpg 200w, https:\/\/wildtimessafaris.com\/wp-content\/uploads\/2020\/02\/andasibe-mantadia-220x151.jpg 220w, https:\/\/wildtimessafaris.com\/wp-content\/uploads\/2020\/02\/andasibe-mantadia.jpg 456w\" sizes=\"(max-width: 200px) 100vw, 200px\" \/><\/p>\n<h4>Day 3 &amp; 4 Antasibe<\/h4>\n<p>Two full days to explore this National Park.\u00a0 Join up with\u00a0 a local guide. This park consists of 1,810 hectare lush vegetation and is divided into two parts: the R\u00e9serve Sp\u00e9ciale Analamazaotra (also called P\u00e9rinet) and the much larger Park National de Mantadia. This park is well known for its rare orchids and its Indri Indri. You will also find stunning waterfalls here and there are many rich cultural rituals of the inhabitants of this region. On day 3 you will visit the park and on day 4 a night visit is on the program.<\/p>\n<\/div>\n<div class=\"highlight-item safari-item\">\n<p><img loading=\"lazy\" decoding=\"async\" class=\"wp-image-2816 alignleft\" src=\"https:\/\/wildtimessafaris.com\/wp-content\/uploads\/2020\/02\/Pangalanes-landscape-300x235.jpg\" alt=\"\" width=\"200\" height=\"157\" srcset=\"https:\/\/wildtimessafaris.com\/wp-content\/uploads\/2020\/02\/Pangalanes-landscape-300x235.jpg 300w, https:\/\/wildtimessafaris.com\/wp-content\/uploads\/2020\/02\/Pangalanes-landscape-200x157.jpg 200w, https:\/\/wildtimessafaris.com\/wp-content\/uploads\/2020\/02\/Pangalanes-landscape-705x552.jpg 705w, https:\/\/wildtimessafaris.com\/wp-content\/uploads\/2020\/02\/Pangalanes-landscape-220x172.jpg 220w, https:\/\/wildtimessafaris.com\/wp-content\/uploads\/2020\/02\/Pangalanes-landscape.jpg 768w\" sizes=\"(max-width: 200px) 100vw, 200px\" \/><\/p>\n<h4>Day 5 Antasibe to Manambato: Ankanin\u2019ny Nofy<\/h4>\n<p>Next stop is Manambato, on this chanel you will do a boat rip of about an hour to the\u00a0 Akanin\u2019ny Nofy. This chanel is a string of lakes and bays, that run paralet to the Indian Ocean. It is only divided by a small stretch of land. Overnight in a hotel that is situated on one of the lakes.<\/p>\n<\/div>\n<p>&nbsp;<\/p>\n<p>&nbsp;<\/p>\n<div class=\"highlight-item safari-item\">\n<p><img loading=\"lazy\" decoding=\"async\" class=\"wp-image-2817 alignleft\" src=\"https:\/\/wildtimessafaris.com\/wp-content\/uploads\/2020\/02\/Palmarium-300x111.jpg\" alt=\"\" width=\"200\" height=\"74\" srcset=\"https:\/\/wildtimessafaris.com\/wp-content\/uploads\/2020\/02\/Palmarium-300x111.jpg 300w, https:\/\/wildtimessafaris.com\/wp-content\/uploads\/2020\/02\/Palmarium-200x74.jpg 200w, https:\/\/wildtimessafaris.com\/wp-content\/uploads\/2020\/02\/Palmarium-220x82.jpg 220w, https:\/\/wildtimessafaris.com\/wp-content\/uploads\/2020\/02\/Palmarium.jpg 620w\" sizes=\"(max-width: 200px) 100vw, 200px\" \/><\/p>\n<h4>Day 6 Ankanin\u2019ny Nofy<\/h4>\n<p>Een volle dag om deze streek te verkennen. Er zijn verschillende mogelijkheden: breng een bezoek aan een priv\u00e9 reservaat bijvoorbeeld. Palamarium is een klein reservaat waar een dozijn soorten lemuren leven in volle vrijheid en waar verschillende soorten endemische fauna te vinden zijn. Je kunt nog een boottocht maken om een typisch Betsimisaraka dorp te bezoeken met zijn school, breng een bezoek aan de Indische Oceaan kust, loop langs het kanaal om vleesetende planten te zien, mogelijkheden te over!<\/p>\n<\/div>\n<div class=\"highlight-item safari-item\">\n<p><img loading=\"lazy\" decoding=\"async\" class=\"wp-image-2818 alignleft\" src=\"https:\/\/wildtimessafaris.com\/wp-content\/uploads\/2020\/02\/Sainte-Marie-300x201.jpeg\" alt=\"\" width=\"200\" height=\"134\" srcset=\"https:\/\/wildtimessafaris.com\/wp-content\/uploads\/2020\/02\/Sainte-Marie-300x201.jpeg 300w, https:\/\/wildtimessafaris.com\/wp-content\/uploads\/2020\/02\/Sainte-Marie-200x134.jpeg 200w, https:\/\/wildtimessafaris.com\/wp-content\/uploads\/2020\/02\/Sainte-Marie-220x147.jpeg 220w, https:\/\/wildtimessafaris.com\/wp-content\/uploads\/2020\/02\/Sainte-Marie.jpeg 600w\" sizes=\"(max-width: 200px) 100vw, 200px\" \/><\/p>\n<h4>Dag 7 Ankanin\u2019ny Nofy naar Mahambo<\/h4>\n<p>Na het ontbijt ga je weer op de boot naar Manambato. De rit gaat naar Tamatave voor de lunch (op eigen rekening) en door naar Mahambo, ongeveer 90 kilometer van Tamatave. Dit kleine vissersdorp heeft vele kokospalmen. Vanuit hier ga je morgen naar Sainte Marie.<\/p>\n<\/div>\n<p>&nbsp;<\/p>\n<p>&nbsp;<\/p>\n<div class=\"highlight-item safari-item\">\n<p><img loading=\"lazy\" decoding=\"async\" class=\"wp-image-2819 alignleft\" src=\"https:\/\/wildtimessafaris.com\/wp-content\/uploads\/2020\/02\/LES_TIPANIERS_3-300x201.jpg\" alt=\"\" width=\"201\" height=\"135\" srcset=\"https:\/\/wildtimessafaris.com\/wp-content\/uploads\/2020\/02\/LES_TIPANIERS_3-300x201.jpg 300w, https:\/\/wildtimessafaris.com\/wp-content\/uploads\/2020\/02\/LES_TIPANIERS_3-200x134.jpg 200w, https:\/\/wildtimessafaris.com\/wp-content\/uploads\/2020\/02\/LES_TIPANIERS_3-220x147.jpg 220w, https:\/\/wildtimessafaris.com\/wp-content\/uploads\/2020\/02\/LES_TIPANIERS_3.jpg 600w\" sizes=\"(max-width: 201px) 100vw, 201px\" \/><\/p>\n<h4>Dag 8 Mahambo naar Sainte Marie<\/h4>\n<p>Vandaag volgt een rit en weer een boottocht via Saonaierana naar Sainte Marie. Dit eiland ligt voor de oostkust van Madagaskar en is ok bekend onder de Madagaskische naam \u201cNosy Boraha\u201d. Het is hier vredig en heerlijk rustig. Het eiland heeft een heerlijk klimaat en is bedekt met regenwoud. Ook hier vind je mooie orchidee\u00ebn en vele andere endemische fauna.<\/p>\n<p>&nbsp;<\/p>\n<\/div>\n<div class=\"highlight-item safari-item\">\n<p><img loading=\"lazy\" decoding=\"async\" class=\"wp-image-2820 alignleft\" src=\"https:\/\/wildtimessafaris.com\/wp-content\/uploads\/2020\/02\/baleine-\u00e1-bosse-300x200.jpg\" alt=\"\" width=\"200\" height=\"133\" srcset=\"https:\/\/wildtimessafaris.com\/wp-content\/uploads\/2020\/02\/baleine-\u00e1-bosse-300x200.jpg 300w, https:\/\/wildtimessafaris.com\/wp-content\/uploads\/2020\/02\/baleine-\u00e1-bosse-768x511.jpg 768w, https:\/\/wildtimessafaris.com\/wp-content\/uploads\/2020\/02\/baleine-\u00e1-bosse-200x133.jpg 200w, https:\/\/wildtimessafaris.com\/wp-content\/uploads\/2020\/02\/baleine-\u00e1-bosse-705x469.jpg 705w, https:\/\/wildtimessafaris.com\/wp-content\/uploads\/2020\/02\/baleine-\u00e1-bosse-220x146.jpg 220w, https:\/\/wildtimessafaris.com\/wp-content\/uploads\/2020\/02\/baleine-\u00e1-bosse.jpg 1024w\" sizes=\"(max-width: 200px) 100vw, 200px\" \/><\/p>\n<h4>Dag 9 &#8211; 11 Sainte Marie<\/h4>\n<p>Drie heerlijke dagen waarin je diverse activiteiten kunt ondernemen. Van midden juli tot en met midden september kun je er op zoek gaan naar walvissen, je kunt er quad rijden, wandelen. Ontdek de cultuur en de historie van dit kleine eiland.<\/p>\n<\/div>\n<p>&nbsp;<\/p>\n<p>&nbsp;<\/p>\n<div class=\"highlight-item safari-item\">\n<p><img decoding=\"async\" class=\"wp-image-2813 alignleft\" src=\"https:\/\/wildtimessafaris.com\/wp-content\/uploads\/2020\/02\/Antananarivo-rova-Madagascar-300x208.jpg\" alt=\"\" width=\"200\" height=\"139\" srcset=\"https:\/\/wildtimessafaris.com\/wp-content\/uploads\/2020\/02\/Antananarivo-rova-Madagascar-300x208.jpg 300w, https:\/\/wildtimessafaris.com\/wp-content\/uploads\/2020\/02\/Antananarivo-rova-Madagascar-768x533.jpg 768w, https:\/\/wildtimessafaris.com\/wp-content\/uploads\/2020\/02\/Antananarivo-rova-Madagascar-200x139.jpg 200w, https:\/\/wildtimessafaris.com\/wp-content\/uploads\/2020\/02\/Antananarivo-rova-Madagascar-705x490.jpg 705w, https:\/\/wildtimessafaris.com\/wp-content\/uploads\/2020\/02\/Antananarivo-rova-Madagascar-220x153.jpg 220w, https:\/\/wildtimessafaris.com\/wp-content\/uploads\/2020\/02\/Antananarivo-rova-Madagascar.jpg 1024w\" sizes=\"(max-width: 200px) 100vw, 200px\" \/><\/p>\n<h4>Dag 12 Sainte Marie naar Tana<\/h4>\n<p>Je hebt de morgen nog vrij op dit heerlijke eiland, in de middag vlieg je naar Tana. Na aankomst op de luchthaven transfer naar je hotel voor de nacht en diner.<\/p>\n<\/div>\n<p>&nbsp;<\/p>\n<p>&nbsp;<\/p>\n<p>&nbsp;<\/p>\n<div class=\"highlight-item safari-item\">\n<p><img loading=\"lazy\" decoding=\"async\" class=\"wp-image-2821 alignleft\" src=\"https:\/\/wildtimessafaris.com\/wp-content\/uploads\/2020\/02\/Royal-Hill-of-Ambohimanga-2-300x200.jpg\" alt=\"\" width=\"200\" height=\"133\" srcset=\"https:\/\/wildtimessafaris.com\/wp-content\/uploads\/2020\/02\/Royal-Hill-of-Ambohimanga-2-300x200.jpg 300w, https:\/\/wildtimessafaris.com\/wp-content\/uploads\/2020\/02\/Royal-Hill-of-Ambohimanga-2-200x133.jpg 200w, https:\/\/wildtimessafaris.com\/wp-content\/uploads\/2020\/02\/Royal-Hill-of-Ambohimanga-2.jpg 640w, https:\/\/wildtimessafaris.com\/wp-content\/uploads\/2020\/02\/Royal-Hill-of-Ambohimanga-2-220x147.jpg 220w\" sizes=\"(max-width: 200px) 100vw, 200px\" \/><\/p>\n<h4>Dag 13 Paleis van Ambohimanga en city tour<\/h4>\n<p>Na het ontbijt breng je een bezoek aan het paleis van Ambohimanga. Dit paleiscomplex bestaat uit de koninklijke stad en begraafplaats en een vari\u00ebteit aan heilige plaatsen. Het is sterk verbonden met een sterk gevoel van nationale eenheid en is altijd symbool geweest van spiritueel en heilig karakter van Madagaskar in de afgelopen 500 jaar. Het is en blijft een plaats van bedevaart voor de inwoners van Madagaskar en daarbuiten. Na het bezoek ga je terug naar de stad voor een city tour en je laatste nacht op het eiland.<\/p>\n<p>&nbsp;<\/p>\n<\/div>\n<div class=\"highlight-item safari-item\">\n<h4>Dag 14 Einde van de safari<\/h4>\n<p>Transfer naar het vliegveld voor je vlucht naar huis.<\/p>\n<\/div>\n<p>&nbsp;<\/p>\n<div class=\"highlight-item safari-item\">\n<div  class='avia-button-wrap av-851js-300aa254bf0d3c35942e5d5dff5da97b-wrap avia-button-left  avia-builder-el-0  avia-builder-el-no-sibling '><a href='https:\/\/wildtimessafaris.com\/en\/reisvoorstel\/'  class='avia-button av-851js-300aa254bf0d3c35942e5d5dff5da97b avia-icon_select-yes-left-icon avia-size-large avia-position-left avia-color-theme-color'  ><span class='avia_button_icon avia_button_icon_left' aria-hidden='true' data-av_icon='\ue889' data-av_iconfont='entypo-fontello'><\/span><span class='avia_iconbox_title' >REQUEST A TRAVEL PROPOSAL<\/span><\/a><\/div>\n<\/div>\n","protected":false},"excerpt":{"rendered":"<p>Op deze safari naar het het oosten van Madagaskar maak je kennis met de hoogtepunten in het oostelijk deel van het eiland. Op het programma staan zeldzame orchidee\u00ebn, halfapen, zoetwatermeren, reservaten met lemuren, endemische fauna en een eilandverblijf.<\/p>\n","protected":false},"featured_media":5764,"template":"","meta":[],"product_brand":[],"product_cat":[210],"product_tag":[],"class_list":{"0":"post-6671","1":"product","2":"type-product","3":"status-publish","4":"has-post-thumbnail","6":"product_cat-safaris-madagaskar-en","8":"first","9":"instock","10":"shipping-taxable","11":"purchasable","12":"product-type-simple"},"yoast_head":"<!-- This site is optimized with the Yoast SEO plugin v27.6 - https:\/\/yoast.com\/product\/yoast-seo-wordpress\/ -->\n<title>Safari Madagascar \u2013 14 days \u2013 Highlights of the East - Wild Times Safaris<\/title>\n<meta name=\"robots\" content=\"index, follow, max-snippet:-1, max-image-preview:large, max-video-preview:-1\" \/>\n<link rel=\"canonical\" href=\"https:\/\/wildtimessafaris.com\/en\/product\/safari-madagaskar-14-dagen-hoogtepunten-van-het-oosten\/\" \/>\n<meta property=\"og:locale\" content=\"en_US\" \/>\n<meta property=\"og:type\" content=\"article\" \/>\n<meta property=\"og:title\" content=\"Safari Madagascar \u2013 14 days \u2013 Highlights of the East - Wild Times Safaris\" \/>\n<meta property=\"og:description\" content=\"Op deze safari naar het het oosten van Madagaskar maak je kennis met de hoogtepunten in het oostelijk deel van het eiland. Op het programma staan zeldzame orchidee\u00ebn, halfapen, zoetwatermeren, reservaten met lemuren, endemische fauna en een eilandverblijf.\" \/>\n<meta property=\"og:url\" content=\"https:\/\/wildtimessafaris.com\/en\/product\/safari-madagaskar-14-dagen-hoogtepunten-van-het-oosten\/\" \/>\n<meta property=\"og:site_name\" content=\"Wild Times Safaris\" \/>\n<meta property=\"article:modified_time\" content=\"2024-05-27T12:01:30+00:00\" \/>\n<meta property=\"og:image\" content=\"https:\/\/wildtimessafaris.com\/wp-content\/uploads\/2020\/02\/lemur.jpg\" \/>\n\t<meta property=\"og:image:width\" content=\"1920\" \/>\n\t<meta property=\"og:image:height\" content=\"895\" \/>\n\t<meta property=\"og:image:type\" content=\"image\/jpeg\" \/>\n<meta name=\"twitter:card\" content=\"summary_large_image\" \/>\n<script type=\"application\/ld+json\" class=\"yoast-schema-graph\">{\"@context\":\"https:\\\/\\\/schema.org\",\"@graph\":[{\"@type\":\"WebPage\",\"@id\":\"https:\\\/\\\/wildtimessafaris.com\\\/en\\\/product\\\/safari-madagaskar-14-dagen-hoogtepunten-van-het-oosten\\\/\",\"url\":\"https:\\\/\\\/wildtimessafaris.com\\\/en\\\/product\\\/safari-madagaskar-14-dagen-hoogtepunten-van-het-oosten\\\/\",\"name\":\"Safari Madagascar \u2013 14 days \u2013 Highlights of the East - Wild Times Safaris\",\"isPartOf\":{\"@id\":\"https:\\\/\\\/wildtimessafaris.com\\\/en\\\/#website\"},\"primaryImageOfPage\":{\"@id\":\"https:\\\/\\\/wildtimessafaris.com\\\/en\\\/product\\\/safari-madagaskar-14-dagen-hoogtepunten-van-het-oosten\\\/#primaryimage\"},\"image\":{\"@id\":\"https:\\\/\\\/wildtimessafaris.com\\\/en\\\/product\\\/safari-madagaskar-14-dagen-hoogtepunten-van-het-oosten\\\/#primaryimage\"},\"thumbnailUrl\":\"https:\\\/\\\/wildtimessafaris.com\\\/wp-content\\\/uploads\\\/2020\\\/02\\\/lemur.jpg\",\"datePublished\":\"2020-02-26T14:31:29+00:00\",\"dateModified\":\"2024-05-27T12:01:30+00:00\",\"breadcrumb\":{\"@id\":\"https:\\\/\\\/wildtimessafaris.com\\\/en\\\/product\\\/safari-madagaskar-14-dagen-hoogtepunten-van-het-oosten\\\/#breadcrumb\"},\"inLanguage\":\"en-US\",\"potentialAction\":[{\"@type\":\"ReadAction\",\"target\":[\"https:\\\/\\\/wildtimessafaris.com\\\/en\\\/product\\\/safari-madagaskar-14-dagen-hoogtepunten-van-het-oosten\\\/\"]}]},{\"@type\":\"ImageObject\",\"inLanguage\":\"en-US\",\"@id\":\"https:\\\/\\\/wildtimessafaris.com\\\/en\\\/product\\\/safari-madagaskar-14-dagen-hoogtepunten-van-het-oosten\\\/#primaryimage\",\"url\":\"https:\\\/\\\/wildtimessafaris.com\\\/wp-content\\\/uploads\\\/2020\\\/02\\\/lemur.jpg\",\"contentUrl\":\"https:\\\/\\\/wildtimessafaris.com\\\/wp-content\\\/uploads\\\/2020\\\/02\\\/lemur.jpg\",\"width\":1920,\"height\":895},{\"@type\":\"BreadcrumbList\",\"@id\":\"https:\\\/\\\/wildtimessafaris.com\\\/en\\\/product\\\/safari-madagaskar-14-dagen-hoogtepunten-van-het-oosten\\\/#breadcrumb\",\"itemListElement\":[{\"@type\":\"ListItem\",\"position\":1,\"name\":\"Home\",\"item\":\"https:\\\/\\\/wildtimessafaris.com\\\/en\\\/\"},{\"@type\":\"ListItem\",\"position\":2,\"name\":\"Winkel\",\"item\":\"https:\\\/\\\/wildtimessafaris.com\\\/winkel\\\/\"},{\"@type\":\"ListItem\",\"position\":3,\"name\":\"Safari Madagascar \u2013 14 days \u2013 Highlights of the East\"}]},{\"@type\":\"WebSite\",\"@id\":\"https:\\\/\\\/wildtimessafaris.com\\\/en\\\/#website\",\"url\":\"https:\\\/\\\/wildtimessafaris.com\\\/en\\\/\",\"name\":\"Wild Times Safaris\",\"description\":\"Uniek, persoonlijk &amp; op maat\",\"publisher\":{\"@id\":\"https:\\\/\\\/wildtimessafaris.com\\\/en\\\/#organization\"},\"potentialAction\":[{\"@type\":\"SearchAction\",\"target\":{\"@type\":\"EntryPoint\",\"urlTemplate\":\"https:\\\/\\\/wildtimessafaris.com\\\/en\\\/?s={search_term_string}\"},\"query-input\":{\"@type\":\"PropertyValueSpecification\",\"valueRequired\":true,\"valueName\":\"search_term_string\"}}],\"inLanguage\":\"en-US\"},{\"@type\":\"Organization\",\"@id\":\"https:\\\/\\\/wildtimessafaris.com\\\/en\\\/#organization\",\"name\":\"Wild Times Safaris\",\"url\":\"https:\\\/\\\/wildtimessafaris.com\\\/en\\\/\",\"logo\":{\"@type\":\"ImageObject\",\"inLanguage\":\"en-US\",\"@id\":\"https:\\\/\\\/wildtimessafaris.com\\\/en\\\/#\\\/schema\\\/logo\\\/image\\\/\",\"url\":\"https:\\\/\\\/wildtimessafaris.com\\\/wp-content\\\/uploads\\\/2025\\\/10\\\/wildtimes_logo_transparent.png\",\"contentUrl\":\"https:\\\/\\\/wildtimessafaris.com\\\/wp-content\\\/uploads\\\/2025\\\/10\\\/wildtimes_logo_transparent.png\",\"width\":533,\"height\":353,\"caption\":\"Wild Times Safaris\"},\"image\":{\"@id\":\"https:\\\/\\\/wildtimessafaris.com\\\/en\\\/#\\\/schema\\\/logo\\\/image\\\/\"}}]}<\/script>\n<!-- \/ Yoast SEO plugin. -->","yoast_head_json":{"title":"Safari Madagascar \u2013 14 days \u2013 Highlights of the East - Wild Times Safaris","robots":{"index":"index","follow":"follow","max-snippet":"max-snippet:-1","max-image-preview":"max-image-preview:large","max-video-preview":"max-video-preview:-1"},"canonical":"https:\/\/wildtimessafaris.com\/en\/product\/safari-madagaskar-14-dagen-hoogtepunten-van-het-oosten\/","og_locale":"en_US","og_type":"article","og_title":"Safari Madagascar \u2013 14 days \u2013 Highlights of the East - Wild Times Safaris","og_description":"Op deze safari naar het het oosten van Madagaskar maak je kennis met de hoogtepunten in het oostelijk deel van het eiland. Op het programma staan zeldzame orchidee\u00ebn, halfapen, zoetwatermeren, reservaten met lemuren, endemische fauna en een eilandverblijf.","og_url":"https:\/\/wildtimessafaris.com\/en\/product\/safari-madagaskar-14-dagen-hoogtepunten-van-het-oosten\/","og_site_name":"Wild Times Safaris","article_modified_time":"2024-05-27T12:01:30+00:00","og_image":[{"width":1920,"height":895,"url":"https:\/\/wildtimessafaris.com\/wp-content\/uploads\/2020\/02\/lemur.jpg","type":"image\/jpeg"}],"twitter_card":"summary_large_image","schema":{"@context":"https:\/\/schema.org","@graph":[{"@type":"WebPage","@id":"https:\/\/wildtimessafaris.com\/en\/product\/safari-madagaskar-14-dagen-hoogtepunten-van-het-oosten\/","url":"https:\/\/wildtimessafaris.com\/en\/product\/safari-madagaskar-14-dagen-hoogtepunten-van-het-oosten\/","name":"Safari Madagascar \u2013 14 days \u2013 Highlights of the East - Wild Times Safaris","isPartOf":{"@id":"https:\/\/wildtimessafaris.com\/en\/#website"},"primaryImageOfPage":{"@id":"https:\/\/wildtimessafaris.com\/en\/product\/safari-madagaskar-14-dagen-hoogtepunten-van-het-oosten\/#primaryimage"},"image":{"@id":"https:\/\/wildtimessafaris.com\/en\/product\/safari-madagaskar-14-dagen-hoogtepunten-van-het-oosten\/#primaryimage"},"thumbnailUrl":"https:\/\/wildtimessafaris.com\/wp-content\/uploads\/2020\/02\/lemur.jpg","datePublished":"2020-02-26T14:31:29+00:00","dateModified":"2024-05-27T12:01:30+00:00","breadcrumb":{"@id":"https:\/\/wildtimessafaris.com\/en\/product\/safari-madagaskar-14-dagen-hoogtepunten-van-het-oosten\/#breadcrumb"},"inLanguage":"en-US","potentialAction":[{"@type":"ReadAction","target":["https:\/\/wildtimessafaris.com\/en\/product\/safari-madagaskar-14-dagen-hoogtepunten-van-het-oosten\/"]}]},{"@type":"ImageObject","inLanguage":"en-US","@id":"https:\/\/wildtimessafaris.com\/en\/product\/safari-madagaskar-14-dagen-hoogtepunten-van-het-oosten\/#primaryimage","url":"https:\/\/wildtimessafaris.com\/wp-content\/uploads\/2020\/02\/lemur.jpg","contentUrl":"https:\/\/wildtimessafaris.com\/wp-content\/uploads\/2020\/02\/lemur.jpg","width":1920,"height":895},{"@type":"BreadcrumbList","@id":"https:\/\/wildtimessafaris.com\/en\/product\/safari-madagaskar-14-dagen-hoogtepunten-van-het-oosten\/#breadcrumb","itemListElement":[{"@type":"ListItem","position":1,"name":"Home","item":"https:\/\/wildtimessafaris.com\/en\/"},{"@type":"ListItem","position":2,"name":"Winkel","item":"https:\/\/wildtimessafaris.com\/winkel\/"},{"@type":"ListItem","position":3,"name":"Safari Madagascar \u2013 14 days \u2013 Highlights of the East"}]},{"@type":"WebSite","@id":"https:\/\/wildtimessafaris.com\/en\/#website","url":"https:\/\/wildtimessafaris.com\/en\/","name":"Wild Times Safaris","description":"Uniek, persoonlijk &amp; op maat","publisher":{"@id":"https:\/\/wildtimessafaris.com\/en\/#organization"},"potentialAction":[{"@type":"SearchAction","target":{"@type":"EntryPoint","urlTemplate":"https:\/\/wildtimessafaris.com\/en\/?s={search_term_string}"},"query-input":{"@type":"PropertyValueSpecification","valueRequired":true,"valueName":"search_term_string"}}],"inLanguage":"en-US"},{"@type":"Organization","@id":"https:\/\/wildtimessafaris.com\/en\/#organization","name":"Wild Times Safaris","url":"https:\/\/wildtimessafaris.com\/en\/","logo":{"@type":"ImageObject","inLanguage":"en-US","@id":"https:\/\/wildtimessafaris.com\/en\/#\/schema\/logo\/image\/","url":"https:\/\/wildtimessafaris.com\/wp-content\/uploads\/2025\/10\/wildtimes_logo_transparent.png","contentUrl":"https:\/\/wildtimessafaris.com\/wp-content\/uploads\/2025\/10\/wildtimes_logo_transparent.png","width":533,"height":353,"caption":"Wild Times Safaris"},"image":{"@id":"https:\/\/wildtimessafaris.com\/en\/#\/schema\/logo\/image\/"}}]}},"_links":{"self":[{"href":"https:\/\/wildtimessafaris.com\/en\/wp-json\/wp\/v2\/product\/6671","targetHints":{"allow":["GET"]}}],"collection":[{"href":"https:\/\/wildtimessafaris.com\/en\/wp-json\/wp\/v2\/product"}],"about":[{"href":"https:\/\/wildtimessafaris.com\/en\/wp-json\/wp\/v2\/types\/product"}],"version-history":[{"count":1,"href":"https:\/\/wildtimessafaris.com\/en\/wp-json\/wp\/v2\/product\/6671\/revisions"}],"predecessor-version":[{"id":9379,"href":"https:\/\/wildtimessafaris.com\/en\/wp-json\/wp\/v2\/product\/6671\/revisions\/9379"}],"wp:featuredmedia":[{"embeddable":true,"href":"https:\/\/wildtimessafaris.com\/en\/wp-json\/wp\/v2\/media\/5764"}],"wp:attachment":[{"href":"https:\/\/wildtimessafaris.com\/en\/wp-json\/wp\/v2\/media?parent=6671"}],"wp:term":[{"taxonomy":"product_brand","embeddable":true,"href":"https:\/\/wildtimessafaris.com\/en\/wp-json\/wp\/v2\/product_brand?post=6671"},{"taxonomy":"product_cat","embeddable":true,"href":"https:\/\/wildtimessafaris.com\/en\/wp-json\/wp\/v2\/product_cat?post=6671"},{"taxonomy":"product_tag","embeddable":true,"href":"https:\/\/wildtimessafaris.com\/en\/wp-json\/wp\/v2\/product_tag?post=6671"}],"curies":[{"name":"wp","href":"https:\/\/api.w.org\/{rel}","templated":true}]}}